{"id":144,"date":"2009-05-23T15:05:05","date_gmt":"2009-05-23T13:05:05","guid":{"rendered":"http:\/\/kuerbisolli.byterecycling.de\/?page_id=144"},"modified":"2022-10-21T22:04:28","modified_gmt":"2022-10-21T20:04:28","slug":"uber-mich","status":"publish","type":"page","link":"http:\/\/www.kuerbisolli.de\/?page_id=144","title":{"rendered":"\u00dcber mich"},"content":{"rendered":"<h1 style=\"text-align: center;\"><span style=\"text-decoration: underline;\"><span style=\"color: #ff6600;\"><strong>2008<\/strong><\/span><\/span><\/h1>\n<p style=\"text-align: center;\"><span style=\"color: #000000;\"><strong>Hallo liebe K\u00fcrbisfreunde,<\/strong><\/span><\/p>\n<p style=\"text-align: center;\"><span style=\"color: #000000;\"><strong>was macht man auf einer Mich-Seite? Na klar man erz\u00e4hlt was \u00fcber sich selbst, also in diesem Fall: Wer ist der Typ hinter dem Namen \u201eOliver Langheim\u201c. Ein junger Mann, 74er Baujahr, der mit seiner Frau und <span style=\"color: #ff0000;\">3<\/span> Kindern im \u00f6stlichen Teil Brandenburgs lebt.<\/strong><\/span><\/p>\n<p style=\"text-align: center;\"><span style=\"color: #000000;\"><strong>Seit 2003 hat die Liebe zur K\u00fcrbisfrucht mit einer Bierwette zwischen meinem Vater und mir angefangen. Wer wird wohl am Ende der Saison den gr\u00f6\u00dften K\u00fcrbis haben, war die gro\u00dfe Frage eines feuchtfr\u00f6hlichen Abends.<\/strong><\/span><\/p>\n<p style=\"text-align: center;\"><span style=\"color: #000000;\"><strong>Wetteinsatz: 1 Kiste Bier und ein gemeinsamer Abend voller Dem\u00fctigungen durch den Gewinner (versteht sich von selbst). Nachdem ich 4 Kisten Bier (macht schlappe 4 Saisons) verloren hatte, habe ich begonnen, mich mit der Materie \u201eK\u00fcrbiszucht\u201c etwas mehr zu besch\u00e4ftigen.<\/strong><\/span><\/p>\n<p style=\"text-align: center;\"><span style=\"color: #000000;\"><strong>2008 habe ich dann Kontakt, \u00fcber das Internet, zu Gleichgesinnten aufgenommen. Diese Eingeweihten haben mich in ungeahnter Form mit K\u00fcrbissamen und Anleitungen unterst\u00fctzt.<\/strong><\/span><\/p>\n<p style=\"text-align: center;\"><span style=\"color: #000000;\"><strong>Ende 2008 war das Ergebnis all der Arbeit gut sichtbar auf meinem Hinterhof zu bestaunen. 226 kg saftiger K\u00fcrbis war das Ergebnis all meiner M\u00fche und Arbeit und die Wette habe ich mit 62 kg Unterschied nat\u00fcrlich auch gewonnen.<\/strong><\/span><\/p>\n<p style=\"text-align: center;\"><img loading=\"lazy\" decoding=\"async\" class=\"size-medium wp-image-151 aligncenter\" title=\"kurbisolli20081\" src=\"http:\/\/kuerbisolli.byterecycling.de\/wp-content\/uploads\/2009\/05\/kurbisolli20081-300x225.jpg\" alt=\"kurbisolli20081\" width=\"300\" height=\"225\" \/><\/p>\n<h1 style=\"text-align: center;\"><span style=\"text-decoration: underline;\"><span style=\"color: #ff6600;\">2009<\/span><\/span><\/h1>\n<p style=\"text-align: center;\"><strong>Auch 2009 war ein gelungenes Jahr f\u00fcr mich als K\u00fcrbisz\u00fcchter. Meinen pers\u00f6nlichen Rekord konnte ich brechen. Schon im Vorjahr wurde ich mit einem stattlichen K\u00fcrbis gesegnet, aber in diesem Jahr habe ich mit 323 kg\u00a0 den 6. Platz auf der Brandenburgischen Wiegemeisterschaft in Klaistow erringen k\u00f6nnen. Die Konkurrenz schl\u00e4ft leider auch nicht. Aber da man sich ja nie auf seinen Lorbeeren ausruhen soll, hab ich direkt nach der Meisterschaft mit den Vorbereitungen f\u00fcrs Jahr 2010 begonnen. Ich m\u00f6chte meinen pers\u00f6nlichen Rekord brechen und auf dem Treppchen ein paar Stufen h\u00f6her steigen oder auf dem Siegertreppchen stehen.\u00a0 Aus meinem K\u00fcrbisbeet wurde ein K\u00fcrbisfeld, um dem Ziel n\u00e4her zu kommen. Viele flei\u00dfige und schlaue Leute unterst\u00fctzen mich, die auf meinen Tagebuchseiten genannt sein werden. <\/strong><\/p>\n<p style=\"text-align: center;\"><strong><img loading=\"lazy\" decoding=\"async\" class=\"aligncenter size-medium wp-image-574\" title=\"moz_foto_2009\" src=\"http:\/\/kuerbisolli.byterecycling.de\/wp-content\/uploads\/2009\/05\/moz_foto_2009-300x200.jpg\" alt=\"moz_foto_2009\" width=\"300\" height=\"200\" srcset=\"http:\/\/www.kuerbisolli.de\/wp-content\/uploads\/2009\/05\/moz_foto_2009-300x200.jpg 300w, http:\/\/www.kuerbisolli.de\/wp-content\/uploads\/2009\/05\/moz_foto_2009.jpg 302w\" sizes=\"(max-width: 300px) 100vw, 300px\" \/><\/strong><\/p>\n<h1 style=\"text-align: center;\"><strong><span style=\"text-decoration: underline;\"><span style=\"color: #ff6600;\">2010<\/span><\/span><br \/>\n<\/strong><\/h1>\n<p style=\"text-align: center;\"><strong>Die Saison 2010 habe ich nun hinter mir und denke an sie mit einem lachenden und einem weinenden Auge. Weinend, weil ich mein Ziel von 400kg bei weitem nicht erreicht habe und einem lachenden Auge, weil ich dennoch meine Platzierung um 2 Pl\u00e4tze zum letzten Jahr verbessern\u00a0 konnte und mich auf den 4ten hocharbeiten habe.\u00a0 289,5 kg sind ja nun nicht so schlecht ;-). Nun gilt es, das Ziel 400 kg 2011 fest ins Visier zu nehmen und alles ordentlich vorzubereiten. Ich m\u00f6chte mich hier aber noch mal bei allen bedanken, die mich in der letzten Saison unterst\u00fczt haben und baue auch in der kommenden Saison auf Euch. Danke !!!!!!!!!!! <\/strong><\/p>\n<p style=\"text-align: center;\"><strong><a href=\"http:\/\/kuerbisolli.byterecycling.de\/wp-content\/uploads\/2009\/05\/CIMG0329.jpg\"><img loading=\"lazy\" decoding=\"async\" class=\"size-medium wp-image-1482 aligncenter\" title=\"CIMG0329\" src=\"http:\/\/kuerbisolli.byterecycling.de\/wp-content\/uploads\/2009\/05\/CIMG0329-300x225.jpg\" alt=\"\" width=\"300\" height=\"225\" srcset=\"http:\/\/www.kuerbisolli.de\/wp-content\/uploads\/2009\/05\/CIMG0329-300x225.jpg 300w, http:\/\/www.kuerbisolli.de\/wp-content\/uploads\/2009\/05\/CIMG0329.jpg 1024w\" sizes=\"(max-width: 300px) 100vw, 300px\" \/><\/a><br \/>\n<\/strong><\/p>\n","protected":false},"excerpt":{"rendered":"<p>2008 Hallo liebe K\u00fcrbisfreunde, was macht man auf einer Mich-Seite? Na klar man erz\u00e4hlt was \u00fcber sich selbst, also in diesem Fall: Wer ist der Typ hinter dem Namen \u201eOliver Langheim\u201c. Ein junger Mann, 74er Baujahr, der mit seiner Frau und 3 Kindern im \u00f6stlichen Teil Brandenburgs lebt. Seit 2003 hat die Liebe zur K\u00fcrbisfrucht &hellip; <a href=\"http:\/\/www.kuerbisolli.de\/?page_id=144\" class=\"more-link\"><span class=\"screen-reader-text\">\u00dcber mich<\/span> weiterlesen <span class=\"meta-nav\">&rarr;<\/span><\/a><\/p>\n","protected":false},"author":2,"featured_media":0,"parent":0,"menu_order":80,"comment_status":"open","ping_status":"closed","template":"","meta":{"ngg_post_thumbnail":0,"jetpack_post_was_ever_published":false,"footnotes":""},"jetpack_shortlink":"https:\/\/wp.me\/Pwi78-2k","jetpack_sharing_enabled":true,"_links":{"self":[{"href":"http:\/\/www.kuerbisolli.de\/index.php?rest_route=\/wp\/v2\/pages\/144"}],"collection":[{"href":"http:\/\/www.kuerbisolli.de\/index.php?rest_route=\/wp\/v2\/pages"}],"about":[{"href":"http:\/\/www.kuerbisolli.de\/index.php?rest_route=\/wp\/v2\/types\/page"}],"author":[{"embeddable":true,"href":"http:\/\/www.kuerbisolli.de\/index.php?rest_route=\/wp\/v2\/users\/2"}],"replies":[{"embeddable":true,"href":"http:\/\/www.kuerbisolli.de\/index.php?rest_route=%2Fwp%2Fv2%2Fcomments&post=144"}],"version-history":[{"count":23,"href":"http:\/\/www.kuerbisolli.de\/index.php?rest_route=\/wp\/v2\/pages\/144\/revisions"}],"predecessor-version":[{"id":5338,"href":"http:\/\/www.kuerbisolli.de\/index.php?rest_route=\/wp\/v2\/pages\/144\/revisions\/5338"}],"wp:attachment":[{"href":"http:\/\/www.kuerbisolli.de\/index.php?rest_route=%2Fwp%2Fv2%2Fmedia&parent=144"}],"curies":[{"name":"wp","href":"https:\/\/api.w.org\/{rel}","templated":true}]}}