{"id":296,"date":"2009-08-12T12:32:51","date_gmt":"2009-08-12T10:32:51","guid":{"rendered":"http:\/\/kuerbisolli.byterecycling.de\/?page_id=296"},"modified":"2024-01-06T18:58:23","modified_gmt":"2024-01-06T17:58:23","slug":"home","status":"publish","type":"page","link":"https:\/\/www.kuerbisolli.de\/","title":{"rendered":"Home"},"content":{"rendered":"\n<figure class=\"wp-block-embed is-type-video is-provider-youtube wp-block-embed-youtube wp-embed-aspect-16-9 wp-has-aspect-ratio\"><div class=\"wp-block-embed__wrapper\">\n<span class=\"embed-youtube\" style=\"text-align:center; display: block;\"><iframe loading=\"lazy\" class=\"youtube-player\" width=\"604\" height=\"340\" src=\"https:\/\/www.youtube.com\/embed\/LZ6cAwbmK8A?version=3&#038;rel=1&#038;showsearch=0&#038;showinfo=1&#038;iv_load_policy=1&#038;fs=1&#038;hl=de-DE&#038;autohide=2&#038;wmode=transparent\" allowfullscreen=\"true\" style=\"border:0;\" sandbox=\"allow-scripts allow-same-origin allow-popups allow-presentation allow-popups-to-escape-sandbox\"><\/iframe><\/span>\n<\/div><figcaption class=\"wp-element-caption\"><strong><a href=\"https:\/\/www.kuerbisollisshop.de\/index.php?main_page=product_info&amp;cPath=1_156&amp;products_id=2651\" data-type=\"link\" data-id=\"https:\/\/www.kuerbisollisshop.de\/index.php?main_page=product_info&amp;cPath=1_156&amp;products_id=2651\" target=\"_blank\" rel=\"noreferrer noopener\">Link zum Riesenk\u00fcrbis Starter-Set<\/a><\/strong><\/figcaption><\/figure>\n\n\n\n<div class=\"wp-block-query is-layout-flow wp-block-query-is-layout-flow\"><ul class=\"wp-block-post-template is-layout-flow wp-block-post-template-is-layout-flow\"><li class=\"wp-block-post post-5428 post type-post status-publish format-standard hentry category-allgemeines\">\n<h2 class=\"wp-block-post-title\"><a href=\"https:\/\/www.kuerbisolli.de\/?p=5428\" target=\"_self\" >Saison 2024 ist gestartet<\/a><\/h2>\n\n\n\n<div class=\"wp-block-post-excerpt\"><p class=\"wp-block-post-excerpt__excerpt\">Wie die \u00dcberschrift es schon verraten hat, starte ich dieses Jahr in die neue Saison. Traditionell starte ich ja immer erst am 07.04, aber in diesem Jahr bin ich mal ein verr\u00fccktes Huhn und beginne am 06.04 :-). Dazu nehme ich meine auserw\u00e4hlten Kerne, feile sie an der runden Seite etwas an und lege Sie&hellip; <\/p><\/div>\n\n\n<hr class=\"wp-block-separator has-css-opacity\"\/>\n\n\n<div class=\"wp-block-post-date\"><time datetime=\"2024-04-07T07:34:52+01:00\">7. April 2024<\/time><\/div>\n<\/li><li class=\"wp-block-post post-5348 post type-post status-publish format-standard hentry category-allgemeines\">\n<h2 class=\"wp-block-post-title\"><a href=\"https:\/\/www.kuerbisolli.de\/?p=5348\" target=\"_self\" >Blog mit leben bef\u00fcllen<\/a><\/h2>\n\n\n\n<div class=\"wp-block-post-excerpt\"><p class=\"wp-block-post-excerpt__excerpt\">Hallo Z\u00fcchterfreunde, oder die es mal werden m\u00f6chten. Ich m\u00f6chte diesen Blog wieder zum Leben erwecken um meine Erfahrungen und zu Teilen und um meine Erfahrungen, durch eure Ideen und Erfahrungen zu verbessern. Freue mich, und hoffe auf guten Input. LG euer K\u00fcrbisolli <\/p><\/div>\n\n\n<hr class=\"wp-block-separator has-css-opacity\"\/>\n\n\n<div class=\"wp-block-post-date\"><time datetime=\"2024-01-09T17:17:14+01:00\">9. Januar 2024<\/time><\/div>\n<\/li><li class=\"wp-block-post post-5250 post type-post status-publish format-standard hentry category-allgemeines\">\n<h2 class=\"wp-block-post-title\"><a href=\"https:\/\/www.kuerbisolli.de\/?p=5250\" target=\"_self\" >3. Deutsche Gem\u00fcsemeisterschaft 2015<\/a><\/h2>\n\n\n\n<div class=\"wp-block-post-excerpt\"><p class=\"wp-block-post-excerpt__excerpt\">Heute\u00a0 fand die 3. Deutsche Gem\u00fcsemeisterschaft 2015 auf dem Spargelhof Buschmann &amp; Winkelmann in Klaistow statt. Ich durfte, wie auch im letzten Jahr, als Co-Moderator, neben Detlef Olle, das Ganze mit kommentieren. Ich fand es auch in diesem Jahr war es eine gelungene Veranstaltung, die gut besucht war. Hier die Ergebnisse der verschiedenen Gem\u00fcsekategorien :&hellip; <\/p><\/div>\n\n\n<hr class=\"wp-block-separator has-css-opacity\"\/>\n\n\n<div class=\"wp-block-post-date\"><time datetime=\"2015-09-20T19:18:03+01:00\">20. September 2015<\/time><\/div>\n<\/li><\/ul><\/div>\n","protected":false},"excerpt":{"rendered":"","protected":false},"author":1,"featured_media":0,"parent":0,"menu_order":10,"comment_status":"open","ping_status":"closed","template":"","meta":{"ngg_post_thumbnail":0,"jetpack_post_was_ever_published":false,"footnotes":""},"jetpack_shortlink":"https:\/\/wp.me\/Pwi78-4M","jetpack_sharing_enabled":true,"_links":{"self":[{"href":"https:\/\/www.kuerbisolli.de\/index.php?rest_route=\/wp\/v2\/pages\/296"}],"collection":[{"href":"https:\/\/www.kuerbisolli.de\/index.php?rest_route=\/wp\/v2\/pages"}],"about":[{"href":"https:\/\/www.kuerbisolli.de\/index.php?rest_route=\/wp\/v2\/types\/page"}],"author":[{"embeddable":true,"href":"https:\/\/www.kuerbisolli.de\/index.php?rest_route=\/wp\/v2\/users\/1"}],"replies":[{"embeddable":true,"href":"https:\/\/www.kuerbisolli.de\/index.php?rest_route=%2Fwp%2Fv2%2Fcomments&post=296"}],"version-history":[{"count":13,"href":"https:\/\/www.kuerbisolli.de\/index.php?rest_route=\/wp\/v2\/pages\/296\/revisions"}],"predecessor-version":[{"id":5420,"href":"https:\/\/www.kuerbisolli.de\/index.php?rest_route=\/wp\/v2\/pages\/296\/revisions\/5420"}],"wp:attachment":[{"href":"https:\/\/www.kuerbisolli.de\/index.php?rest_route=%2Fwp%2Fv2%2Fmedia&parent=296"}],"curies":[{"name":"wp","href":"https:\/\/api.w.org\/{rel}","templated":true}]}}